{"id":168,"date":"2024-05-15T11:35:25","date_gmt":"2024-05-15T09:35:25","guid":{"rendered":"https:\/\/aloumim.com\/?page_id=168"},"modified":"2025-06-01T15:55:41","modified_gmt":"2025-06-01T13:55:41","slug":"168-2","status":"publish","type":"page","link":"https:\/\/aloumim.com\/index.php\/168-2\/","title":{"rendered":"\u00c9V\u00c9NEMENT"},"content":{"rendered":"<p>[et_pb_section fb_built=\u00a0\u00bb1&Prime; _builder_version=\u00a0\u00bb4.21.0&Prime; _module_preset=\u00a0\u00bbdefault\u00a0\u00bb global_colors_info=\u00a0\u00bb{}\u00a0\u00bb][et_pb_row _builder_version=\u00a0\u00bb4.21.0&Prime; _module_preset=\u00a0\u00bbdefault\u00a0\u00bb global_colors_info=\u00a0\u00bb{}\u00a0\u00bb][et_pb_column type=\u00a0\u00bb4_4&Prime; _builder_version=\u00a0\u00bb4.21.0&Prime; _module_preset=\u00a0\u00bbdefault\u00a0\u00bb global_colors_info=\u00a0\u00bb{}\u00a0\u00bb][et_pb_text _builder_version=\u00a0\u00bb4.21.0&Prime; _module_preset=\u00a0\u00bbdefault\u00a0\u00bb global_colors_info=\u00a0\u00bb{}\u00a0\u00bb]<\/p>\n<h1>\u00c9VENEMENTS<\/h1>\n<p>[\/et_pb_text][\/et_pb_column][\/et_pb_row][et_pb_row _builder_version=\u00a0\u00bb4.21.0&Prime; _module_preset=\u00a0\u00bbdefault\u00a0\u00bb global_colors_info=\u00a0\u00bb{}\u00a0\u00bb theme_builder_area=\u00a0\u00bbpost_content\u00a0\u00bb][et_pb_column type=\u00a0\u00bb4_4&Prime; _builder_version=\u00a0\u00bb4.21.0&Prime; _module_preset=\u00a0\u00bbdefault\u00a0\u00bb global_colors_info=\u00a0\u00bb{}\u00a0\u00bb theme_builder_area=\u00a0\u00bbpost_content\u00a0\u00bb][et_pb_text _builder_version=\u00a0\u00bb4.21.0&Prime; _module_preset=\u00a0\u00bbdefault\u00a0\u00bb hover_enabled=\u00a0\u00bb0&Prime; global_colors_info=\u00a0\u00bb{}\u00a0\u00bb theme_builder_area=\u00a0\u00bbpost_content\u00a0\u00bb sticky_enabled=\u00a0\u00bb0&Prime;]<\/p>\n<h2><strong>\u00c0 ne pas manquer<\/strong><\/h2>\n<p>[\/et_pb_text][et_pb_blog fullwidth=\u00a0\u00bboff\u00a0\u00bb posts_number=\u00a0\u00bb3&Prime; include_categories=\u00a0\u00bb26&Prime; use_manual_excerpt=\u00a0\u00bboff\u00a0\u00bb excerpt_length=\u00a0\u00bb60&Prime; show_author=\u00a0\u00bboff\u00a0\u00bb show_date=\u00a0\u00bboff\u00a0\u00bb show_categories=\u00a0\u00bboff\u00a0\u00bb _builder_version=\u00a0\u00bb4.21.0&Prime; _module_preset=\u00a0\u00bbdefault\u00a0\u00bb header_font=\u00a0\u00bbMarcellus||||||||\u00a0\u00bb pagination_font=\u00a0\u00bb|700|||||||\u00a0\u00bb pagination_font_size=\u00a0\u00bb17px\u00a0\u00bb min_height=\u00a0\u00bb267px\u00a0\u00bb custom_margin=\u00a0\u00bb||9px|||\u00a0\u00bb hover_enabled=\u00a0\u00bb0&Prime; global_colors_info=\u00a0\u00bb{}\u00a0\u00bb theme_builder_area=\u00a0\u00bbpost_content\u00a0\u00bb show_more=\u00a0\u00bbon\u00a0\u00bb sticky_enabled=\u00a0\u00bb0&Prime;][\/et_pb_blog][et_pb_button button_url=\u00a0\u00bb@ET-DC@eyJkeW5hbWljIjp0cnVlLCJjb250ZW50IjoicG9zdF9saW5rX3VybF9wYWdlIiwic2V0dGluZ3MiOnsicG9zdF9pZCI6IjE2OCJ9fQ==@\u00a0\u00bb button_text=\u00a0\u00bbVoire plus d&rsquo;article\u00a0\u00bb button_alignment=\u00a0\u00bbright\u00a0\u00bb _builder_version=\u00a0\u00bb4.21.0&Prime; _dynamic_attributes=\u00a0\u00bbbutton_url\u00a0\u00bb _module_preset=\u00a0\u00bbdefault\u00a0\u00bb custom_button=\u00a0\u00bbon\u00a0\u00bb custom_margin=\u00a0\u00bb4px|||||\u00a0\u00bb global_colors_info=\u00a0\u00bb{}\u00a0\u00bb theme_builder_area=\u00a0\u00bbpost_content\u00a0\u00bb][\/et_pb_button][\/et_pb_column][\/et_pb_row][et_pb_row _builder_version=\u00a0\u00bb4.21.0&Prime; _module_preset=\u00a0\u00bbdefault\u00a0\u00bb global_colors_info=\u00a0\u00bb{}\u00a0\u00bb][et_pb_column type=\u00a0\u00bb4_4&Prime; _builder_version=\u00a0\u00bb4.21.0&Prime; _module_preset=\u00a0\u00bbdefault\u00a0\u00bb global_colors_info=\u00a0\u00bb{}\u00a0\u00bb][et_pb_text _builder_version=\u00a0\u00bb4.21.0&Prime; _module_preset=\u00a0\u00bbdefault\u00a0\u00bb hover_enabled=\u00a0\u00bb0&Prime; sticky_enabled=\u00a0\u00bb0&Prime;]<\/p>\n<h2><strong>Galerie photos<\/strong><\/h2>\n<p>[\/et_pb_text][et_pb_filterable_portfolio fullwidth=\u00a0\u00bboff\u00a0\u00bb posts_number=\u00a0\u00bb2&Prime; include_categories=\u00a0\u00bb24,25&Prime; show_categories=\u00a0\u00bboff\u00a0\u00bb _builder_version=\u00a0\u00bb4.21.0&Prime; _module_preset=\u00a0\u00bbdefault\u00a0\u00bb title_font=\u00a0\u00bbAlumni Sans|500|||||||\u00a0\u00bb title_font_size=\u00a0\u00bb24px\u00a0\u00bb border_radii_image=\u00a0\u00bbon|5px|5px|5px|5px\u00a0\u00bb global_colors_info=\u00a0\u00bb{}\u00a0\u00bb][\/et_pb_filterable_portfolio][\/et_pb_column][\/et_pb_row][\/et_pb_section]<\/p>\n","protected":false},"excerpt":{"rendered":"<p>\u00c9VENEMENTS\u00c0 ne pas manquerGalerie photos<\/p>\n","protected":false},"author":1,"featured_media":0,"parent":0,"menu_order":0,"comment_status":"closed","ping_status":"closed","template":"","meta":{"_et_pb_use_builder":"on","_et_pb_old_content":"","_et_gb_content_width":"","om_disable_all_campaigns":false,"_monsterinsights_skip_tracking":false,"_monsterinsights_sitenote_active":false,"_monsterinsights_sitenote_note":"","_monsterinsights_sitenote_category":0,"footnotes":""},"class_list":["post-168","page","type-page","status-publish","hentry"],"yoast_head":"<!-- This site is optimized with the Yoast SEO plugin v20.13 - https:\/\/yoast.com\/wordpress\/plugins\/seo\/ -->\n<title>\u00c9V\u00c9NEMENT - aloumim.com<\/title>\n<meta name=\"robots\" content=\"index, follow, max-snippet:-1, max-image-preview:large, max-video-preview:-1\" \/>\n<link rel=\"canonical\" href=\"https:\/\/aloumim.com\/index.php\/168-2\/\" \/>\n<meta property=\"og:locale\" content=\"fr_FR\" \/>\n<meta property=\"og:type\" content=\"article\" \/>\n<meta property=\"og:title\" content=\"\u00c9V\u00c9NEMENT - aloumim.com\" \/>\n<meta property=\"og:description\" content=\"\u00c9VENEMENTS\u00c0 ne pas manquerGalerie photos\" \/>\n<meta property=\"og:url\" content=\"https:\/\/aloumim.com\/index.php\/168-2\/\" \/>\n<meta property=\"og:site_name\" content=\"aloumim.com\" \/>\n<meta property=\"article:modified_time\" content=\"2025-06-01T13:55:41+00:00\" \/>\n<meta name=\"twitter:card\" content=\"summary_large_image\" \/>\n<meta name=\"twitter:label1\" content=\"Dur\u00e9e de lecture estim\u00e9e\" \/>\n\t<meta name=\"twitter:data1\" content=\"1 minute\" \/>\n<script type=\"application\/ld+json\" class=\"yoast-schema-graph\">{\"@context\":\"https:\/\/schema.org\",\"@graph\":[{\"@type\":\"WebPage\",\"@id\":\"https:\/\/aloumim.com\/index.php\/168-2\/\",\"url\":\"https:\/\/aloumim.com\/index.php\/168-2\/\",\"name\":\"\u00c9V\u00c9NEMENT - aloumim.com\",\"isPartOf\":{\"@id\":\"https:\/\/aloumim.com\/#website\"},\"datePublished\":\"2024-05-15T09:35:25+00:00\",\"dateModified\":\"2025-06-01T13:55:41+00:00\",\"breadcrumb\":{\"@id\":\"https:\/\/aloumim.com\/index.php\/168-2\/#breadcrumb\"},\"inLanguage\":\"fr-FR\",\"potentialAction\":[{\"@type\":\"ReadAction\",\"target\":[\"https:\/\/aloumim.com\/index.php\/168-2\/\"]}]},{\"@type\":\"BreadcrumbList\",\"@id\":\"https:\/\/aloumim.com\/index.php\/168-2\/#breadcrumb\",\"itemListElement\":[{\"@type\":\"ListItem\",\"position\":1,\"name\":\"Accueil\",\"item\":\"https:\/\/aloumim.com\/\"},{\"@type\":\"ListItem\",\"position\":2,\"name\":\"\u00c9V\u00c9NEMENT\"}]},{\"@type\":\"WebSite\",\"@id\":\"https:\/\/aloumim.com\/#website\",\"url\":\"https:\/\/aloumim.com\/\",\"name\":\"aloumim.com\",\"description\":\"\",\"publisher\":{\"@id\":\"https:\/\/aloumim.com\/#organization\"},\"potentialAction\":[{\"@type\":\"SearchAction\",\"target\":{\"@type\":\"EntryPoint\",\"urlTemplate\":\"https:\/\/aloumim.com\/?s={search_term_string}\"},\"query-input\":\"required name=search_term_string\"}],\"inLanguage\":\"fr-FR\"},{\"@type\":\"Organization\",\"@id\":\"https:\/\/aloumim.com\/#organization\",\"name\":\"aloumim.com\",\"url\":\"https:\/\/aloumim.com\/\",\"logo\":{\"@type\":\"ImageObject\",\"inLanguage\":\"fr-FR\",\"@id\":\"https:\/\/aloumim.com\/#\/schema\/logo\/image\/\",\"url\":\"https:\/\/aloumim.com\/wp-content\/uploads\/2023\/08\/Group-38-1.png\",\"contentUrl\":\"https:\/\/aloumim.com\/wp-content\/uploads\/2023\/08\/Group-38-1.png\",\"width\":3756,\"height\":565,\"caption\":\"aloumim.com\"},\"image\":{\"@id\":\"https:\/\/aloumim.com\/#\/schema\/logo\/image\/\"}}]}<\/script>\n<!-- \/ Yoast SEO plugin. -->","yoast_head_json":{"title":"\u00c9V\u00c9NEMENT - aloumim.com","robots":{"index":"index","follow":"follow","max-snippet":"max-snippet:-1","max-image-preview":"max-image-preview:large","max-video-preview":"max-video-preview:-1"},"canonical":"https:\/\/aloumim.com\/index.php\/168-2\/","og_locale":"fr_FR","og_type":"article","og_title":"\u00c9V\u00c9NEMENT - aloumim.com","og_description":"\u00c9VENEMENTS\u00c0 ne pas manquerGalerie photos","og_url":"https:\/\/aloumim.com\/index.php\/168-2\/","og_site_name":"aloumim.com","article_modified_time":"2025-06-01T13:55:41+00:00","twitter_card":"summary_large_image","twitter_misc":{"Dur\u00e9e de lecture estim\u00e9e":"1 minute"},"schema":{"@context":"https:\/\/schema.org","@graph":[{"@type":"WebPage","@id":"https:\/\/aloumim.com\/index.php\/168-2\/","url":"https:\/\/aloumim.com\/index.php\/168-2\/","name":"\u00c9V\u00c9NEMENT - aloumim.com","isPartOf":{"@id":"https:\/\/aloumim.com\/#website"},"datePublished":"2024-05-15T09:35:25+00:00","dateModified":"2025-06-01T13:55:41+00:00","breadcrumb":{"@id":"https:\/\/aloumim.com\/index.php\/168-2\/#breadcrumb"},"inLanguage":"fr-FR","potentialAction":[{"@type":"ReadAction","target":["https:\/\/aloumim.com\/index.php\/168-2\/"]}]},{"@type":"BreadcrumbList","@id":"https:\/\/aloumim.com\/index.php\/168-2\/#breadcrumb","itemListElement":[{"@type":"ListItem","position":1,"name":"Accueil","item":"https:\/\/aloumim.com\/"},{"@type":"ListItem","position":2,"name":"\u00c9V\u00c9NEMENT"}]},{"@type":"WebSite","@id":"https:\/\/aloumim.com\/#website","url":"https:\/\/aloumim.com\/","name":"aloumim.com","description":"","publisher":{"@id":"https:\/\/aloumim.com\/#organization"},"potentialAction":[{"@type":"SearchAction","target":{"@type":"EntryPoint","urlTemplate":"https:\/\/aloumim.com\/?s={search_term_string}"},"query-input":"required name=search_term_string"}],"inLanguage":"fr-FR"},{"@type":"Organization","@id":"https:\/\/aloumim.com\/#organization","name":"aloumim.com","url":"https:\/\/aloumim.com\/","logo":{"@type":"ImageObject","inLanguage":"fr-FR","@id":"https:\/\/aloumim.com\/#\/schema\/logo\/image\/","url":"https:\/\/aloumim.com\/wp-content\/uploads\/2023\/08\/Group-38-1.png","contentUrl":"https:\/\/aloumim.com\/wp-content\/uploads\/2023\/08\/Group-38-1.png","width":3756,"height":565,"caption":"aloumim.com"},"image":{"@id":"https:\/\/aloumim.com\/#\/schema\/logo\/image\/"}}]}},"_links":{"self":[{"href":"https:\/\/aloumim.com\/index.php\/wp-json\/wp\/v2\/pages\/168","targetHints":{"allow":["GET"]}}],"collection":[{"href":"https:\/\/aloumim.com\/index.php\/wp-json\/wp\/v2\/pages"}],"about":[{"href":"https:\/\/aloumim.com\/index.php\/wp-json\/wp\/v2\/types\/page"}],"author":[{"embeddable":true,"href":"https:\/\/aloumim.com\/index.php\/wp-json\/wp\/v2\/users\/1"}],"replies":[{"embeddable":true,"href":"https:\/\/aloumim.com\/index.php\/wp-json\/wp\/v2\/comments?post=168"}],"version-history":[{"count":7,"href":"https:\/\/aloumim.com\/index.php\/wp-json\/wp\/v2\/pages\/168\/revisions"}],"predecessor-version":[{"id":956,"href":"https:\/\/aloumim.com\/index.php\/wp-json\/wp\/v2\/pages\/168\/revisions\/956"}],"wp:attachment":[{"href":"https:\/\/aloumim.com\/index.php\/wp-json\/wp\/v2\/media?parent=168"}],"curies":[{"name":"wp","href":"https:\/\/api.w.org\/{rel}","templated":true}]}}