{"id":302,"date":"2023-08-06T21:40:34","date_gmt":"2023-08-06T19:40:34","guid":{"rendered":"https:\/\/aloumim.com\/?page_id=302"},"modified":"2025-02-12T15:48:45","modified_gmt":"2025-02-12T14:48:45","slug":"contact","status":"publish","type":"page","link":"https:\/\/aloumim.com\/index.php\/contact\/","title":{"rendered":"Contact"},"content":{"rendered":"<p>[et_pb_section fb_built=\u00a0\u00bb1&Prime; admin_label=\u00a0\u00bbHeader &#038; Contact Info\u00a0\u00bb _builder_version=\u00a0\u00bb4.21.0&Prime; _module_preset=\u00a0\u00bbdefault\u00a0\u00bb use_background_color_gradient=\u00a0\u00bbon\u00a0\u00bb background_color_gradient_direction=\u00a0\u00bb198deg\u00a0\u00bb background_color_gradient_stops=\u00a0\u00bb#eaefff 1%|#f6f2ff 22%|#ffffff 100%\u00a0\u00bb background_enable_image=\u00a0\u00bboff\u00a0\u00bb locked=\u00a0\u00bboff\u00a0\u00bb collapsed=\u00a0\u00bbon\u00a0\u00bb global_colors_info=\u00a0\u00bb{}\u00a0\u00bb][et_pb_row _builder_version=\u00a0\u00bb4.21.0&Prime; _module_preset=\u00a0\u00bbdefault\u00a0\u00bb global_colors_info=\u00a0\u00bb{}\u00a0\u00bb][et_pb_column type=\u00a0\u00bb4_4&Prime; _builder_version=\u00a0\u00bb4.21.0&Prime; _module_preset=\u00a0\u00bbdefault\u00a0\u00bb global_colors_info=\u00a0\u00bb{}\u00a0\u00bb][et_pb_text _builder_version=\u00a0\u00bb4.21.0&Prime; _module_preset=\u00a0\u00bbdefault\u00a0\u00bb text_font=\u00a0\u00bb|800|||||||\u00a0\u00bb text_text_color=\u00a0\u00bb#000e40&Prime; text_font_size=\u00a0\u00bb43px\u00a0\u00bb text_line_height_tablet=\u00a0\u00bb\u00a0\u00bb text_line_height_phone=\u00a0\u00bb1em\u00a0\u00bb text_line_height_last_edited=\u00a0\u00bbon|phone\u00a0\u00bb header_line_height_tablet=\u00a0\u00bb\u00a0\u00bb header_line_height_phone=\u00a0\u00bb1.5em\u00a0\u00bb header_line_height_last_edited=\u00a0\u00bbon|phone\u00a0\u00bb global_colors_info=\u00a0\u00bb{}\u00a0\u00bb]<\/p>\n<p>CONTACTEZ NOUS<\/p>\n<p>[\/et_pb_text][\/et_pb_column][\/et_pb_row][et_pb_row column_structure=\u00a0\u00bb2_5,3_5&Prime; _builder_version=\u00a0\u00bb4.21.0&Prime; _module_preset=\u00a0\u00bbdefault\u00a0\u00bb global_colors_info=\u00a0\u00bb{}\u00a0\u00bb][et_pb_column type=\u00a0\u00bb2_5&Prime; _builder_version=\u00a0\u00bb4.21.0&Prime; _module_preset=\u00a0\u00bbdefault\u00a0\u00bb global_colors_info=\u00a0\u00bb{}\u00a0\u00bb][et_pb_text _builder_version=\u00a0\u00bb4.21.0&Prime; _module_preset=\u00a0\u00bb34b62e01-7c42-4a2a-9bc8-6efd5484d197&Prime; custom_margin=\u00a0\u00bb||0px||false|false\u00a0\u00bb global_colors_info=\u00a0\u00bb{}\u00a0\u00bb]<\/p>\n<h6>Email<\/h6>\n<p>[\/et_pb_text][et_pb_text _builder_version=\u00a0\u00bb4.21.0&Prime; _module_preset=\u00a0\u00bb839183b6-77dc-4091-a117-eca932d4f557&Prime; text_text_color=\u00a0\u00bb#296DFF\u00a0\u00bb link_text_color=\u00a0\u00bbgcid-9c2b1d03-730f-4a4a-96c1-7a483c6994a2&Prime; hover_enabled=\u00a0\u00bb0&Prime; global_colors_info=\u00a0\u00bb{%22gcid-9c2b1d03-730f-4a4a-96c1-7a483c6994a2%22:%91%22link_text_color%22%93}\u00a0\u00bb sticky_enabled=\u00a0\u00bb0&Prime;]<\/p>\n<p><b>aloumim@gmail.com<\/b><\/p>\n<p>[\/et_pb_text][et_pb_text _builder_version=\u00a0\u00bb4.21.0&Prime; _module_preset=\u00a0\u00bb34b62e01-7c42-4a2a-9bc8-6efd5484d197&Prime; custom_margin=\u00a0\u00bb||0px||false|false\u00a0\u00bb global_colors_info=\u00a0\u00bb{}\u00a0\u00bb]<\/p>\n<h6>AdressE<\/h6>\n<p>[\/et_pb_text][et_pb_text _builder_version=\u00a0\u00bb4.21.0&Prime; _module_preset=\u00a0\u00bb839183b6-77dc-4091-a117-eca932d4f557&Prime; link_text_color=\u00a0\u00bbgcid-9c2b1d03-730f-4a4a-96c1-7a483c6994a2&Prime; min_height=\u00a0\u00bb38.8px\u00a0\u00bb custom_margin=\u00a0\u00bb||0px||false|false\u00a0\u00bb global_colors_info=\u00a0\u00bb{%22gcid-9c2b1d03-730f-4a4a-96c1-7a483c6994a2%22:%91%22link_text_color%22%93}\u00a0\u00bb]<\/p>\n<p><b><strong>17 rehov Kaplan 64734 Tel Aviv (Isra\u00ebl)<\/strong><\/b><\/p>\n<p><b><strong><\/strong><\/b><\/p>\n<p><b><strong><\/strong><\/b><\/p>\n<p>[\/et_pb_text][et_pb_text _builder_version=\u00a0\u00bb4.21.0&Prime; _module_preset=\u00a0\u00bb34b62e01-7c42-4a2a-9bc8-6efd5484d197&Prime; custom_margin=\u00a0\u00bb||0px||false|false\u00a0\u00bb custom_padding=\u00a0\u00bb||0px|||\u00a0\u00bb global_colors_info=\u00a0\u00bb{}\u00a0\u00bb]<\/p>\n<h6>T\u00e9l\u00e9phone<\/h6>\n<p>[\/et_pb_text][et_pb_text _builder_version=\u00a0\u00bb4.21.0&Prime; _module_preset=\u00a0\u00bb839183b6-77dc-4091-a117-eca932d4f557&Prime; link_text_color=\u00a0\u00bbgcid-9c2b1d03-730f-4a4a-96c1-7a483c6994a2&Prime; custom_margin=\u00a0\u00bb||0px||false|false\u00a0\u00bb global_colors_info=\u00a0\u00bb{%22gcid-9c2b1d03-730f-4a4a-96c1-7a483c6994a2%22:%91%22link_text_color%22%93}\u00a0\u00bb]<\/p>\n<p><strong>072-250 40 15<\/strong><\/p>\n<p><strong><\/strong><\/p>\n<p><strong><\/strong><\/p>\n<p>[\/et_pb_text][et_pb_text _builder_version=\u00a0\u00bb4.21.0&Prime; _module_preset=\u00a0\u00bb34b62e01-7c42-4a2a-9bc8-6efd5484d197&Prime; custom_margin=\u00a0\u00bb||0px||false|false\u00a0\u00bb custom_padding=\u00a0\u00bb||0px|||\u00a0\u00bb global_colors_info=\u00a0\u00bb{}\u00a0\u00bb][\/et_pb_text][et_pb_text _builder_version=\u00a0\u00bb4.21.0&Prime; _module_preset=\u00a0\u00bb839183b6-77dc-4091-a117-eca932d4f557&Prime; link_text_color=\u00a0\u00bbgcid-9c2b1d03-730f-4a4a-96c1-7a483c6994a2&Prime; custom_margin=\u00a0\u00bb||0px||false|false\u00a0\u00bb global_colors_info=\u00a0\u00bb{%22gcid-9c2b1d03-730f-4a4a-96c1-7a483c6994a2%22:%91%22link_text_color%22%93}\u00a0\u00bb]<\/p>\n<p>&nbsp;<\/p>\n<p>&nbsp;<\/p>\n<p>&nbsp;<\/p>\n<p>[\/et_pb_text][\/et_pb_column][et_pb_column type=\u00a0\u00bb3_5&Prime; _builder_version=\u00a0\u00bb4.21.0&Prime; _module_preset=\u00a0\u00bbdefault\u00a0\u00bb global_colors_info=\u00a0\u00bb{}\u00a0\u00bb][et_pb_contact_form captcha=\u00a0\u00bboff\u00a0\u00bb email=\u00a0\u00bbaloumim@gmail.com\u00a0\u00bb _builder_version=\u00a0\u00bb4.21.0&Prime; _module_preset=\u00a0\u00bbd60b0dfc-2276-4be1-a40f-206e410c44bd\u00a0\u00bb form_field_background_color=\u00a0\u00bbrgba(198,216,239,0.2)\u00a0\u00bb form_field_text_color=\u00a0\u00bbgcid-0dd65ac1-b501-41d8-8d6b-bb3a9daf5c2a\u00a0\u00bb button_text_color=\u00a0\u00bb#FFFFFF\u00a0\u00bb button_bg_color=\u00a0\u00bb#3f69ff\u00a0\u00bb button_border_radius=\u00a0\u00bb8px\u00a0\u00bb button_letter_spacing=\u00a0\u00bb0.1em\u00a0\u00bb button_font=\u00a0\u00bbPoppins|700||on|||||\u00a0\u00bb button_custom_padding=\u00a0\u00bb11px|55px|11px|55px|true|true\u00a0\u00bb border_radii=\u00a0\u00bbon|8px|8px|8px|8px\u00a0\u00bb border_color_all=\u00a0\u00bbrgba(0,0,0,0.09)\u00a0\u00bb locked=\u00a0\u00bboff\u00a0\u00bb global_colors_info=\u00a0\u00bb{%22gcid-73408ef3-8d7e-4e2c-a307-3f6f154d7ffc%22:%91%22button_bg_color%22,%22border_color_all%22%93,%22gcid-0dd65ac1-b501-41d8-8d6b-bb3a9daf5c2a%22:%91%22button_text_color%22,%22form_field_text_color%22%93}\u00a0\u00bb][et_pb_contact_field field_id=\u00a0\u00bbNom\u00a0\u00bb field_title=\u00a0\u00bbNom\u00a0\u00bb fullwidth_field=\u00a0\u00bbon\u00a0\u00bb _builder_version=\u00a0\u00bb4.21.0&Prime; _module_preset=\u00a0\u00bbdefault\u00a0\u00bb global_colors_info=\u00a0\u00bb{}\u00a0\u00bb button_text_size__hover_enabled=\u00a0\u00bboff\u00a0\u00bb button_one_text_size__hover_enabled=\u00a0\u00bboff\u00a0\u00bb button_two_text_size__hover_enabled=\u00a0\u00bboff\u00a0\u00bb button_text_color__hover_enabled=\u00a0\u00bboff\u00a0\u00bb button_one_text_color__hover_enabled=\u00a0\u00bboff\u00a0\u00bb button_two_text_color__hover_enabled=\u00a0\u00bboff\u00a0\u00bb button_border_width__hover_enabled=\u00a0\u00bboff\u00a0\u00bb button_one_border_width__hover_enabled=\u00a0\u00bboff\u00a0\u00bb button_two_border_width__hover_enabled=\u00a0\u00bboff\u00a0\u00bb button_border_color__hover_enabled=\u00a0\u00bboff\u00a0\u00bb button_one_border_color__hover_enabled=\u00a0\u00bboff\u00a0\u00bb button_two_border_color__hover_enabled=\u00a0\u00bboff\u00a0\u00bb button_border_radius__hover_enabled=\u00a0\u00bboff\u00a0\u00bb button_one_border_radius__hover_enabled=\u00a0\u00bboff\u00a0\u00bb button_two_border_radius__hover_enabled=\u00a0\u00bboff\u00a0\u00bb button_letter_spacing__hover_enabled=\u00a0\u00bboff\u00a0\u00bb button_one_letter_spacing__hover_enabled=\u00a0\u00bboff\u00a0\u00bb button_two_letter_spacing__hover_enabled=\u00a0\u00bboff\u00a0\u00bb button_bg_color__hover_enabled=\u00a0\u00bboff\u00a0\u00bb button_one_bg_color__hover_enabled=\u00a0\u00bboff\u00a0\u00bb button_two_bg_color__hover_enabled=\u00a0\u00bboff\u00a0\u00bb][\/et_pb_contact_field][et_pb_contact_field field_id=\u00a0\u00bbEmail\u00a0\u00bb field_title=\u00a0\u00bbAddresse Email \u00a0\u00bb field_type=\u00a0\u00bbemail\u00a0\u00bb fullwidth_field=\u00a0\u00bbon\u00a0\u00bb _builder_version=\u00a0\u00bb4.21.0&Prime; _module_preset=\u00a0\u00bbdefault\u00a0\u00bb global_colors_info=\u00a0\u00bb{}\u00a0\u00bb button_text_size__hover_enabled=\u00a0\u00bboff\u00a0\u00bb button_one_text_size__hover_enabled=\u00a0\u00bboff\u00a0\u00bb button_two_text_size__hover_enabled=\u00a0\u00bboff\u00a0\u00bb button_text_color__hover_enabled=\u00a0\u00bboff\u00a0\u00bb button_one_text_color__hover_enabled=\u00a0\u00bboff\u00a0\u00bb button_two_text_color__hover_enabled=\u00a0\u00bboff\u00a0\u00bb button_border_width__hover_enabled=\u00a0\u00bboff\u00a0\u00bb button_one_border_width__hover_enabled=\u00a0\u00bboff\u00a0\u00bb button_two_border_width__hover_enabled=\u00a0\u00bboff\u00a0\u00bb button_border_color__hover_enabled=\u00a0\u00bboff\u00a0\u00bb button_one_border_color__hover_enabled=\u00a0\u00bboff\u00a0\u00bb button_two_border_color__hover_enabled=\u00a0\u00bboff\u00a0\u00bb button_border_radius__hover_enabled=\u00a0\u00bboff\u00a0\u00bb button_one_border_radius__hover_enabled=\u00a0\u00bboff\u00a0\u00bb button_two_border_radius__hover_enabled=\u00a0\u00bboff\u00a0\u00bb button_letter_spacing__hover_enabled=\u00a0\u00bboff\u00a0\u00bb button_one_letter_spacing__hover_enabled=\u00a0\u00bboff\u00a0\u00bb button_two_letter_spacing__hover_enabled=\u00a0\u00bboff\u00a0\u00bb button_bg_color__hover_enabled=\u00a0\u00bboff\u00a0\u00bb button_one_bg_color__hover_enabled=\u00a0\u00bboff\u00a0\u00bb button_two_bg_color__hover_enabled=\u00a0\u00bboff\u00a0\u00bb][\/et_pb_contact_field][et_pb_contact_field field_id=\u00a0\u00bbMessage\u00a0\u00bb field_title=\u00a0\u00bbMessage\u00a0\u00bb field_type=\u00a0\u00bbtext\u00a0\u00bb fullwidth_field=\u00a0\u00bbon\u00a0\u00bb _builder_version=\u00a0\u00bb4.21.0&Prime; _module_preset=\u00a0\u00bbdefault\u00a0\u00bb global_colors_info=\u00a0\u00bb{}\u00a0\u00bb button_text_size__hover_enabled=\u00a0\u00bboff\u00a0\u00bb button_one_text_size__hover_enabled=\u00a0\u00bboff\u00a0\u00bb button_two_text_size__hover_enabled=\u00a0\u00bboff\u00a0\u00bb button_text_color__hover_enabled=\u00a0\u00bboff\u00a0\u00bb button_one_text_color__hover_enabled=\u00a0\u00bboff\u00a0\u00bb button_two_text_color__hover_enabled=\u00a0\u00bboff\u00a0\u00bb button_border_width__hover_enabled=\u00a0\u00bboff\u00a0\u00bb button_one_border_width__hover_enabled=\u00a0\u00bboff\u00a0\u00bb button_two_border_width__hover_enabled=\u00a0\u00bboff\u00a0\u00bb button_border_color__hover_enabled=\u00a0\u00bboff\u00a0\u00bb button_one_border_color__hover_enabled=\u00a0\u00bboff\u00a0\u00bb button_two_border_color__hover_enabled=\u00a0\u00bboff\u00a0\u00bb button_border_radius__hover_enabled=\u00a0\u00bboff\u00a0\u00bb button_one_border_radius__hover_enabled=\u00a0\u00bboff\u00a0\u00bb button_two_border_radius__hover_enabled=\u00a0\u00bboff\u00a0\u00bb button_letter_spacing__hover_enabled=\u00a0\u00bboff\u00a0\u00bb button_one_letter_spacing__hover_enabled=\u00a0\u00bboff\u00a0\u00bb button_two_letter_spacing__hover_enabled=\u00a0\u00bboff\u00a0\u00bb button_bg_color__hover_enabled=\u00a0\u00bboff\u00a0\u00bb button_one_bg_color__hover_enabled=\u00a0\u00bboff\u00a0\u00bb button_two_bg_color__hover_enabled=\u00a0\u00bboff\u00a0\u00bb][\/et_pb_contact_field][\/et_pb_contact_form][\/et_pb_column][\/et_pb_row][et_pb_row _builder_version=\u00a0\u00bb4.21.0&Prime; _module_preset=\u00a0\u00bbdefault\u00a0\u00bb global_colors_info=\u00a0\u00bb{}\u00a0\u00bb][et_pb_column type=\u00a0\u00bb4_4&Prime; _builder_version=\u00a0\u00bb4.21.0&Prime; _module_preset=\u00a0\u00bbdefault\u00a0\u00bb global_colors_info=\u00a0\u00bb{}\u00a0\u00bb][et_pb_text _builder_version=\u00a0\u00bb4.21.0&Prime; _module_preset=\u00a0\u00bbdefault\u00a0\u00bb global_colors_info=\u00a0\u00bb{}\u00a0\u00bb]<\/p>\n<h3 style=\"text-align: center;\"><strong>Pour des questions sp\u00e9cifiques, contacter :<\/strong><\/h3>\n<p style=\"text-align: center;\">Pr\u00e9sidente et projet AMS \u2013 Deutscher Aline \u2013 <a href=\"mailto:alinedeuts@gmail.com\">alinedeuts@gmail.com<\/a><\/p>\n<p style=\"text-align: center;\">Secr\u00e9taire g\u00e9n\u00e9rale \u2013 Sonia Haouzi \u2013 <a href=\"mailto:sonia.haouzi@gmail.com\">sonia.haouzi@gmail.com<\/a><\/p>\n<p style=\"text-align: center;\">Projet \u00e9ducation \u2013 Martine Hassan &#8211; <a href=\"mailto:aloumimeducation@gmail.com\">aloumim.education@gmail.com<\/a><\/p>\n<p style=\"text-align: center;\">M\u00e9moire Vive \u2013 Micha\u00ebl Blum \u2013 <a href=\"mailto:michaelzeev@yahoo.fr\">michaelzeev@yahoo.fr<\/a><\/p>\n<p style=\"text-align: center;\">M\u00e9dias \u2013 Val\u00e9rie Cudkowicz \u2013 <a href=\"mailto:valerie.cudkowicz@gmail.com\">valerie.cudkowicz@gmail.com<\/a><\/p>\n<p style=\"text-align: center;\">Relations ext\u00e9rieures \u2013 Monique Brudaz Barer \u2013 <a href=\"mailto:meinath55@gmail.com\">meinath55@gmail.com<\/a><\/p>\n<p style=\"text-align: center;\">Groupe de paroles \u2013 Berthe Badehi \u2013 <a href=\"mailto:berthebadehi2@gmail.com\">berthebadehi2@gmail.com<\/a><\/p>\n<p style=\"text-align: center;\">Suzy Sprecher \u2013 <a href=\"mailto:suzynico12@gmail.com\">suzynico12@gmail.com<\/a><\/p>\n<p style=\"text-align: center;\">Assistante sociale \u2013 Ren\u00e9e Blonder \u2013 renee.blonder@gmail.com<\/p>\n<p>[\/et_pb_text][\/et_pb_column][\/et_pb_row][\/et_pb_section]<\/p>\n","protected":false},"excerpt":{"rendered":"<p>CONTACTEZ NOUSEmailaloumim@gmail.comAdressE17 rehov Kaplan 64734 Tel Aviv (Isra\u00ebl) T\u00e9l\u00e9phone072-250 40 15 &nbsp; &nbsp; &nbsp;Pour des questions sp\u00e9cifiques, contacter : Pr\u00e9sidente et projet AMS \u2013 Deutscher Aline \u2013 alinedeuts@gmail.com Secr\u00e9taire g\u00e9n\u00e9rale \u2013 Sonia Haouzi \u2013 sonia.haouzi@gmail.com Projet \u00e9ducation \u2013 Martine Hassan &#8211; aloumim.education@gmail.com M\u00e9moire Vive \u2013 Micha\u00ebl Blum \u2013 michaelzeev@yahoo.fr M\u00e9dias \u2013 Val\u00e9rie Cudkowicz \u2013 valerie.cudkowicz@gmail.com [&hellip;]<\/p>\n","protected":false},"author":1,"featured_media":0,"parent":0,"menu_order":0,"comment_status":"closed","ping_status":"closed","template":"","meta":{"_et_pb_use_builder":"on","_et_pb_old_content":"","_et_gb_content_width":"","om_disable_all_campaigns":false,"_monsterinsights_skip_tracking":false,"_monsterinsights_sitenote_active":false,"_monsterinsights_sitenote_note":"","_monsterinsights_sitenote_category":0,"footnotes":""},"class_list":["post-302","page","type-page","status-publish","hentry"],"yoast_head":"<!-- This site is optimized with the Yoast SEO plugin v20.13 - https:\/\/yoast.com\/wordpress\/plugins\/seo\/ -->\n<title>Contact - aloumim.com<\/title>\n<meta name=\"robots\" content=\"index, follow, max-snippet:-1, max-image-preview:large, max-video-preview:-1\" \/>\n<link rel=\"canonical\" href=\"https:\/\/aloumim.com\/index.php\/contact\/\" \/>\n<meta property=\"og:locale\" content=\"fr_FR\" \/>\n<meta property=\"og:type\" content=\"article\" \/>\n<meta property=\"og:title\" content=\"Contact - aloumim.com\" \/>\n<meta property=\"og:description\" content=\"CONTACTEZ NOUSEmailaloumim@gmail.comAdressE17 rehov Kaplan 64734 Tel Aviv (Isra\u00ebl) T\u00e9l\u00e9phone072-250 40 15 &nbsp; &nbsp; &nbsp;Pour des questions sp\u00e9cifiques, contacter : Pr\u00e9sidente et projet AMS \u2013 Deutscher Aline \u2013 alinedeuts@gmail.com Secr\u00e9taire g\u00e9n\u00e9rale \u2013 Sonia Haouzi \u2013 sonia.haouzi@gmail.com Projet \u00e9ducation \u2013 Martine Hassan - aloumim.education@gmail.com M\u00e9moire Vive \u2013 Micha\u00ebl Blum \u2013 michaelzeev@yahoo.fr M\u00e9dias \u2013 Val\u00e9rie Cudkowicz \u2013 valerie.cudkowicz@gmail.com [&hellip;]\" \/>\n<meta property=\"og:url\" content=\"https:\/\/aloumim.com\/index.php\/contact\/\" \/>\n<meta property=\"og:site_name\" content=\"aloumim.com\" \/>\n<meta property=\"article:modified_time\" content=\"2025-02-12T14:48:45+00:00\" \/>\n<meta name=\"twitter:card\" content=\"summary_large_image\" \/>\n<meta name=\"twitter:label1\" content=\"Dur\u00e9e de lecture estim\u00e9e\" \/>\n\t<meta name=\"twitter:data1\" content=\"7 minutes\" \/>\n<script type=\"application\/ld+json\" class=\"yoast-schema-graph\">{\"@context\":\"https:\/\/schema.org\",\"@graph\":[{\"@type\":\"WebPage\",\"@id\":\"https:\/\/aloumim.com\/index.php\/contact\/\",\"url\":\"https:\/\/aloumim.com\/index.php\/contact\/\",\"name\":\"Contact - aloumim.com\",\"isPartOf\":{\"@id\":\"https:\/\/aloumim.com\/#website\"},\"datePublished\":\"2023-08-06T19:40:34+00:00\",\"dateModified\":\"2025-02-12T14:48:45+00:00\",\"breadcrumb\":{\"@id\":\"https:\/\/aloumim.com\/index.php\/contact\/#breadcrumb\"},\"inLanguage\":\"fr-FR\",\"potentialAction\":[{\"@type\":\"ReadAction\",\"target\":[\"https:\/\/aloumim.com\/index.php\/contact\/\"]}]},{\"@type\":\"BreadcrumbList\",\"@id\":\"https:\/\/aloumim.com\/index.php\/contact\/#breadcrumb\",\"itemListElement\":[{\"@type\":\"ListItem\",\"position\":1,\"name\":\"Accueil\",\"item\":\"https:\/\/aloumim.com\/\"},{\"@type\":\"ListItem\",\"position\":2,\"name\":\"Contact\"}]},{\"@type\":\"WebSite\",\"@id\":\"https:\/\/aloumim.com\/#website\",\"url\":\"https:\/\/aloumim.com\/\",\"name\":\"aloumim.com\",\"description\":\"\",\"publisher\":{\"@id\":\"https:\/\/aloumim.com\/#organization\"},\"potentialAction\":[{\"@type\":\"SearchAction\",\"target\":{\"@type\":\"EntryPoint\",\"urlTemplate\":\"https:\/\/aloumim.com\/?s={search_term_string}\"},\"query-input\":\"required name=search_term_string\"}],\"inLanguage\":\"fr-FR\"},{\"@type\":\"Organization\",\"@id\":\"https:\/\/aloumim.com\/#organization\",\"name\":\"aloumim.com\",\"url\":\"https:\/\/aloumim.com\/\",\"logo\":{\"@type\":\"ImageObject\",\"inLanguage\":\"fr-FR\",\"@id\":\"https:\/\/aloumim.com\/#\/schema\/logo\/image\/\",\"url\":\"https:\/\/aloumim.com\/wp-content\/uploads\/2023\/08\/Group-38-1.png\",\"contentUrl\":\"https:\/\/aloumim.com\/wp-content\/uploads\/2023\/08\/Group-38-1.png\",\"width\":3756,\"height\":565,\"caption\":\"aloumim.com\"},\"image\":{\"@id\":\"https:\/\/aloumim.com\/#\/schema\/logo\/image\/\"}}]}<\/script>\n<!-- \/ Yoast SEO plugin. -->","yoast_head_json":{"title":"Contact - aloumim.com","robots":{"index":"index","follow":"follow","max-snippet":"max-snippet:-1","max-image-preview":"max-image-preview:large","max-video-preview":"max-video-preview:-1"},"canonical":"https:\/\/aloumim.com\/index.php\/contact\/","og_locale":"fr_FR","og_type":"article","og_title":"Contact - aloumim.com","og_description":"CONTACTEZ NOUSEmailaloumim@gmail.comAdressE17 rehov Kaplan 64734 Tel Aviv (Isra\u00ebl) T\u00e9l\u00e9phone072-250 40 15 &nbsp; &nbsp; &nbsp;Pour des questions sp\u00e9cifiques, contacter : Pr\u00e9sidente et projet AMS \u2013 Deutscher Aline \u2013 alinedeuts@gmail.com Secr\u00e9taire g\u00e9n\u00e9rale \u2013 Sonia Haouzi \u2013 sonia.haouzi@gmail.com Projet \u00e9ducation \u2013 Martine Hassan - aloumim.education@gmail.com M\u00e9moire Vive \u2013 Micha\u00ebl Blum \u2013 michaelzeev@yahoo.fr M\u00e9dias \u2013 Val\u00e9rie Cudkowicz \u2013 valerie.cudkowicz@gmail.com [&hellip;]","og_url":"https:\/\/aloumim.com\/index.php\/contact\/","og_site_name":"aloumim.com","article_modified_time":"2025-02-12T14:48:45+00:00","twitter_card":"summary_large_image","twitter_misc":{"Dur\u00e9e de lecture estim\u00e9e":"7 minutes"},"schema":{"@context":"https:\/\/schema.org","@graph":[{"@type":"WebPage","@id":"https:\/\/aloumim.com\/index.php\/contact\/","url":"https:\/\/aloumim.com\/index.php\/contact\/","name":"Contact - aloumim.com","isPartOf":{"@id":"https:\/\/aloumim.com\/#website"},"datePublished":"2023-08-06T19:40:34+00:00","dateModified":"2025-02-12T14:48:45+00:00","breadcrumb":{"@id":"https:\/\/aloumim.com\/index.php\/contact\/#breadcrumb"},"inLanguage":"fr-FR","potentialAction":[{"@type":"ReadAction","target":["https:\/\/aloumim.com\/index.php\/contact\/"]}]},{"@type":"BreadcrumbList","@id":"https:\/\/aloumim.com\/index.php\/contact\/#breadcrumb","itemListElement":[{"@type":"ListItem","position":1,"name":"Accueil","item":"https:\/\/aloumim.com\/"},{"@type":"ListItem","position":2,"name":"Contact"}]},{"@type":"WebSite","@id":"https:\/\/aloumim.com\/#website","url":"https:\/\/aloumim.com\/","name":"aloumim.com","description":"","publisher":{"@id":"https:\/\/aloumim.com\/#organization"},"potentialAction":[{"@type":"SearchAction","target":{"@type":"EntryPoint","urlTemplate":"https:\/\/aloumim.com\/?s={search_term_string}"},"query-input":"required name=search_term_string"}],"inLanguage":"fr-FR"},{"@type":"Organization","@id":"https:\/\/aloumim.com\/#organization","name":"aloumim.com","url":"https:\/\/aloumim.com\/","logo":{"@type":"ImageObject","inLanguage":"fr-FR","@id":"https:\/\/aloumim.com\/#\/schema\/logo\/image\/","url":"https:\/\/aloumim.com\/wp-content\/uploads\/2023\/08\/Group-38-1.png","contentUrl":"https:\/\/aloumim.com\/wp-content\/uploads\/2023\/08\/Group-38-1.png","width":3756,"height":565,"caption":"aloumim.com"},"image":{"@id":"https:\/\/aloumim.com\/#\/schema\/logo\/image\/"}}]}},"_links":{"self":[{"href":"https:\/\/aloumim.com\/index.php\/wp-json\/wp\/v2\/pages\/302","targetHints":{"allow":["GET"]}}],"collection":[{"href":"https:\/\/aloumim.com\/index.php\/wp-json\/wp\/v2\/pages"}],"about":[{"href":"https:\/\/aloumim.com\/index.php\/wp-json\/wp\/v2\/types\/page"}],"author":[{"embeddable":true,"href":"https:\/\/aloumim.com\/index.php\/wp-json\/wp\/v2\/users\/1"}],"replies":[{"embeddable":true,"href":"https:\/\/aloumim.com\/index.php\/wp-json\/wp\/v2\/comments?post=302"}],"version-history":[{"count":10,"href":"https:\/\/aloumim.com\/index.php\/wp-json\/wp\/v2\/pages\/302\/revisions"}],"predecessor-version":[{"id":755,"href":"https:\/\/aloumim.com\/index.php\/wp-json\/wp\/v2\/pages\/302\/revisions\/755"}],"wp:attachment":[{"href":"https:\/\/aloumim.com\/index.php\/wp-json\/wp\/v2\/media?parent=302"}],"curies":[{"name":"wp","href":"https:\/\/api.w.org\/{rel}","templated":true}]}}